{"id":14964,"date":"2023-02-06T22:59:05","date_gmt":"2023-02-06T22:59:05","guid":{"rendered":"https:\/\/thevanguardlawyers.com\/news\/"},"modified":"2025-04-05T15:49:07","modified_gmt":"2025-04-05T15:49:07","slug":"news","status":"publish","type":"page","link":"https:\/\/thevanguardlawyers.com\/en\/news\/","title":{"rendered":"News"},"content":{"rendered":"\t\t<div data-elementor-type=\"wp-page\" data-elementor-id=\"14964\" class=\"elementor elementor-14964 elementor-5590\">\n\t\t\t\t\t\t<section class=\"elementor-section elementor-top-section elementor-element elementor-element-c8469f8 elementor-section-full_width elementor-section-height-default elementor-section-height-default\" data-id=\"c8469f8\" data-element_type=\"section\">\n\t\t\t\t\t\t<div class=\"elementor-container elementor-column-gap-no\">\n\t\t\t\t\t<div class=\"elementor-column elementor-col-100 elementor-top-column elementor-element elementor-element-dbca1f8\" data-id=\"dbca1f8\" data-element_type=\"column\">\n\t\t\t<div class=\"elementor-widget-wrap elementor-element-populated\">\n\t\t\t\t\t\t<div class=\"elementor-element elementor-element-637056d elementor-widget elementor-widget-leroux_core_blog_list\" data-id=\"637056d\" data-element_type=\"widget\" data-widget_type=\"leroux_core_blog_list.default\">\n\t\t\t\t<div class=\"elementor-widget-container\">\n\t\t\t\t\t<div class=\"qodef-shortcode qodef-m  qodef-blog qodef-item-layout--compact   qodef-grid qodef-layout--columns  qodef-gutter--huge qodef-vertical-gutter--huge qodef-col-num--2 qodef-item-layout--compact qodef-filter--on qodef-pagination--on qodef-pagination-type--standard qodef-responsive--custom qodef-col-num--1440--2 qodef-col-num--1366--2 qodef-col-num--1024--2 qodef-col-num--768--1 qodef-col-num--680--1 qodef-col-num--480--1 qodef-swiper--show-pagination\" data-options=\"{&quot;plugin&quot;:&quot;leroux_core&quot;,&quot;module&quot;:&quot;blog\\\/shortcodes&quot;,&quot;shortcode&quot;:&quot;blog-list&quot;,&quot;post_type&quot;:&quot;post&quot;,&quot;next_page&quot;:&quot;2&quot;,&quot;max_pages_num&quot;:1,&quot;behavior&quot;:&quot;columns&quot;,&quot;images_proportion&quot;:&quot;full&quot;,&quot;columns&quot;:&quot;2&quot;,&quot;columns_responsive&quot;:&quot;custom&quot;,&quot;columns_1440&quot;:&quot;2&quot;,&quot;columns_1366&quot;:&quot;2&quot;,&quot;columns_1024&quot;:&quot;2&quot;,&quot;columns_768&quot;:&quot;1&quot;,&quot;columns_680&quot;:&quot;1&quot;,&quot;columns_480&quot;:&quot;1&quot;,&quot;space&quot;:&quot;huge&quot;,&quot;vertical_space&quot;:&quot;huge&quot;,&quot;posts_per_page&quot;:&quot;6&quot;,&quot;orderby&quot;:&quot;date&quot;,&quot;order&quot;:&quot;DESC&quot;,&quot;layout&quot;:&quot;compact&quot;,&quot;title_tag&quot;:&quot;h5&quot;,&quot;disable_button&quot;:&quot;no&quot;,&quot;enable_borders&quot;:&quot;no&quot;,&quot;enable_filter&quot;:&quot;yes&quot;,&quot;pagination_type&quot;:&quot;standard&quot;,&quot;object_class_name&quot;:&quot;LerouxCore_Blog_List_Shortcode&quot;,&quot;taxonomy_filter&quot;:&quot;category&quot;,&quot;additional_query_args&quot;:[],&quot;space_value&quot;:80}\">\n\t\t<div class=\"qodef-m-filter\">\n\t\t\t\t\t<div class=\"qodef-m-filter-items\">\n\t\t\t\t<a class=\"qodef-m-filter-item qodef--active\" href=\"#\" data-taxonomy=\"category\" data-filter=\"*\">\n\t\t\t\t\t<span class=\"qodef-m-filter-item-name\">Show All<\/span>\n\t\t\t\t<\/a>\n\t\t\t\t\t\t\t\t\t<a class=\"qodef-m-filter-item\" href=\"#\" data-taxonomy=\"category\" data-filter=\"advocacy\">\n\t\t\t\t\t\t<span class=\"qodef-m-filter-item-name\">Advocacy<\/span>\n\t\t\t\t\t<\/a>\n\t\t\t\t\t\t\t\t\t<a class=\"qodef-m-filter-item\" href=\"#\" data-taxonomy=\"category\" data-filter=\"business\">\n\t\t\t\t\t\t<span class=\"qodef-m-filter-item-name\">Business<\/span>\n\t\t\t\t\t<\/a>\n\t\t\t\t\t\t\t\t\t<a class=\"qodef-m-filter-item\" href=\"#\" data-taxonomy=\"category\" data-filter=\"economy\">\n\t\t\t\t\t\t<span class=\"qodef-m-filter-item-name\">Economy<\/span>\n\t\t\t\t\t<\/a>\n\t\t\t\t\t\t\t\t\t<a class=\"qodef-m-filter-item\" href=\"#\" data-taxonomy=\"category\" data-filter=\"finance\">\n\t\t\t\t\t\t<span class=\"qodef-m-filter-item-name\">Finance<\/span>\n\t\t\t\t\t<\/a>\n\t\t\t\t\t\t\t\t\t<a class=\"qodef-m-filter-item\" href=\"#\" data-taxonomy=\"category\" data-filter=\"research\">\n\t\t\t\t\t\t<span class=\"qodef-m-filter-item-name\">Research<\/span>\n\t\t\t\t\t<\/a>\n\t\t\t\t\t\t\t\t\t<a class=\"qodef-m-filter-item\" href=\"#\" data-taxonomy=\"category\" data-filter=\"sem-categoria\">\n\t\t\t\t\t\t<span class=\"qodef-m-filter-item-name\">Sem categoria<\/span>\n\t\t\t\t\t<\/a>\n\t\t\t\t\t\t\t<\/div>\n\t\t\t<\/div>\n\t\t<div class=\"qodef-grid-inner\">\n\t\t<article class=\"qodef-e qodef-blog-item qodef-grid-item qodef-item--full post-15545 post type-post status-publish format-standard has-post-thumbnail hentry category-sem-categoria\">\n\t<div class=\"qodef-e-inner\">\n\t\t<div class=\"qodef-e-media\">\n\t\t<div class=\"qodef-e-media-image\">\n\t\t<a itemprop=\"url\" href=\"https:\/\/thevanguardlawyers.com\/en\/golden-visa-portugal-requirements\/\">\n\t\t\t<img fetchpriority=\"high\" decoding=\"async\" width=\"2560\" height=\"1708\" src=\"https:\/\/thevanguardlawyers.com\/wp-content\/uploads\/2025\/08\/golden-visa-portugal-how-to-obtain-article-1-scaled.jpg\" class=\"attachment-full size-full wp-post-image\" alt=\"Golden Visa Portugal artigo de blog\" srcset=\"https:\/\/thevanguardlawyers.com\/wp-content\/uploads\/2025\/08\/golden-visa-portugal-how-to-obtain-article-1-scaled.jpg 2560w, https:\/\/thevanguardlawyers.com\/wp-content\/uploads\/2025\/08\/golden-visa-portugal-how-to-obtain-article-1-300x200.jpg 300w, https:\/\/thevanguardlawyers.com\/wp-content\/uploads\/2025\/08\/golden-visa-portugal-how-to-obtain-article-1-1024x683.jpg 1024w, https:\/\/thevanguardlawyers.com\/wp-content\/uploads\/2025\/08\/golden-visa-portugal-how-to-obtain-article-1-768x512.jpg 768w, https:\/\/thevanguardlawyers.com\/wp-content\/uploads\/2025\/08\/golden-visa-portugal-how-to-obtain-article-1-1536x1025.jpg 1536w, https:\/\/thevanguardlawyers.com\/wp-content\/uploads\/2025\/08\/golden-visa-portugal-how-to-obtain-article-1-2048x1366.jpg 2048w\" sizes=\"(max-width: 2560px) 100vw, 2560px\" \/>\t\t<\/a>\n\t<\/div>\n<\/div>\n\t<a itemprop=\"dateCreated\" href=\"https:\/\/thevanguardlawyers.com\/en\/2025\/08\/\" class=\"entry-date qodef-list-date \">\n\t\t<div class=\"qodef-day\">\n\t\t\t24\t\t<\/div>\n\t\t<div class=\"qodef-month\">\n\t\t\tAug\t\t<\/div>\n\t<\/a>\n\t\t<div class=\"qodef-e-content\">\n\t\t\t<div class=\"qodef-e-top-holder\">\n\t\t\t\t<div class=\"qodef-e-info\">\n\t\t\t\t\t<a href=\"https:\/\/thevanguardlawyers.com\/en\/category\/sem-categoria\/\" rel=\"tag\">Sem categoria<\/a><div class=\"qodef-info-separator-end\"><\/div>\t\t\t\t<\/div>\n\t\t\t<\/div>\n\t\t\t<div class=\"qodef-e-text\">\n\t\t\t\t<h5 itemprop=\"name\" class=\"qodef-e-title entry-title\" >\n\t<a itemprop=\"url\" class=\"qodef-e-title-link\" href=\"https:\/\/thevanguardlawyers.com\/en\/golden-visa-portugal-requirements\/\">\n\t\tGolden Visa Portugal &#8211; Requirements\t<\/a>\n<\/h5>\n\t\t\t<\/div>\n\t\t\t\t\t\t<div class=\"qodef-e-bottom-holder\">\n                \t<div class=\"qodef-e-read-more\">\n\t\t<a class=\"qodef-shortcode qodef-m  qodef-button qodef-layout--filled   qodef-html--link\" href=\"https:\/\/thevanguardlawyers.com\/en\/golden-visa-portugal-requirements\/\" target=\"_self\"  >    <span class=\"qodef-m-text\">Read More<\/span>    <span class=\"qodef-m-arrow\"><svg class=\"qodef-svg--button-arrow\" xmlns=\"http:\/\/www.w3.org\/2000\/svg\" width=\"10\" height=\"10\" viewBox=\"0 0 9.8 9.8\"><g><path d=\"m.4 9.4 9-9\"\/><path d=\"M.4.5h8.9\"\/><path d=\"M9.3 9.4V.5\"\/><\/g><g><path d=\"m.4 9.4 9-9\"\/><path d=\"M.4.5h8.9\"\/><path d=\"M9.3 9.4V.5\"\/><\/g><\/svg><\/span><\/a>\t<\/div>\n\t\t\t<\/div>\n\t\t\t\t\t<\/div>\n\t<\/div>\n<\/article>\n<article class=\"qodef-e qodef-blog-item qodef-grid-item qodef-item--full post-14856 post type-post status-publish format-standard has-post-thumbnail hentry category-business category-economy category-finance\">\n\t<div class=\"qodef-e-inner\">\n\t\t<div class=\"qodef-e-media\">\n\t\t<div class=\"qodef-e-media-image\">\n\t\t<a itemprop=\"url\" href=\"https:\/\/thevanguardlawyers.com\/en\/what-is-a-fiscal-representative-and-when-do-i-need-one\/\">\n\t\t\t<img decoding=\"async\" width=\"2560\" height=\"1707\" src=\"https:\/\/thevanguardlawyers.com\/wp-content\/uploads\/2023\/02\/Tax-scaled.webp\" class=\"attachment-full size-full wp-post-image\" alt=\"\" srcset=\"https:\/\/thevanguardlawyers.com\/wp-content\/uploads\/2023\/02\/Tax-scaled.webp 2560w, https:\/\/thevanguardlawyers.com\/wp-content\/uploads\/2023\/02\/Tax-300x200.webp 300w, https:\/\/thevanguardlawyers.com\/wp-content\/uploads\/2023\/02\/Tax-1024x683.webp 1024w, https:\/\/thevanguardlawyers.com\/wp-content\/uploads\/2023\/02\/Tax-768x512.webp 768w, https:\/\/thevanguardlawyers.com\/wp-content\/uploads\/2023\/02\/Tax-1536x1024.webp 1536w, https:\/\/thevanguardlawyers.com\/wp-content\/uploads\/2023\/02\/Tax-2048x1365.webp 2048w\" sizes=\"(max-width: 2560px) 100vw, 2560px\" \/>\t\t<\/a>\n\t<\/div>\n<\/div>\n\t<a itemprop=\"dateCreated\" href=\"https:\/\/thevanguardlawyers.com\/en\/2025\/02\/\" class=\"entry-date qodef-list-date \">\n\t\t<div class=\"qodef-day\">\n\t\t\t01\t\t<\/div>\n\t\t<div class=\"qodef-month\">\n\t\t\tFeb\t\t<\/div>\n\t<\/a>\n\t\t<div class=\"qodef-e-content\">\n\t\t\t<div class=\"qodef-e-top-holder\">\n\t\t\t\t<div class=\"qodef-e-info\">\n\t\t\t\t\t<a href=\"https:\/\/thevanguardlawyers.com\/en\/category\/business\/\" rel=\"tag\">Business<\/a><span class=\"qodef-info-category-separator-single\"><\/span><a href=\"https:\/\/thevanguardlawyers.com\/en\/category\/economy\/\" rel=\"tag\">Economy<\/a><span class=\"qodef-info-category-separator-single\"><\/span><a href=\"https:\/\/thevanguardlawyers.com\/en\/category\/finance\/\" rel=\"tag\">Finance<\/a><div class=\"qodef-info-separator-end\"><\/div>\t\t\t\t<\/div>\n\t\t\t<\/div>\n\t\t\t<div class=\"qodef-e-text\">\n\t\t\t\t<h5 itemprop=\"name\" class=\"qodef-e-title entry-title\" >\n\t<a itemprop=\"url\" class=\"qodef-e-title-link\" href=\"https:\/\/thevanguardlawyers.com\/en\/what-is-a-fiscal-representative-and-when-do-i-need-one\/\">\n\t\tWhat is a fiscal representative and when do I need one?\t<\/a>\n<\/h5>\n\t\t\t<\/div>\n\t\t\t\t\t\t<div class=\"qodef-e-bottom-holder\">\n                \t<div class=\"qodef-e-read-more\">\n\t\t<a class=\"qodef-shortcode qodef-m  qodef-button qodef-layout--filled   qodef-html--link\" href=\"https:\/\/thevanguardlawyers.com\/en\/what-is-a-fiscal-representative-and-when-do-i-need-one\/\" target=\"_self\"  >    <span class=\"qodef-m-text\">Read More<\/span>    <span class=\"qodef-m-arrow\"><svg class=\"qodef-svg--button-arrow\" xmlns=\"http:\/\/www.w3.org\/2000\/svg\" width=\"10\" height=\"10\" viewBox=\"0 0 9.8 9.8\"><g><path d=\"m.4 9.4 9-9\"\/><path d=\"M.4.5h8.9\"\/><path d=\"M9.3 9.4V.5\"\/><\/g><g><path d=\"m.4 9.4 9-9\"\/><path d=\"M.4.5h8.9\"\/><path d=\"M9.3 9.4V.5\"\/><\/g><\/svg><\/span><\/a>\t<\/div>\n\t\t\t<\/div>\n\t\t\t\t\t<\/div>\n\t<\/div>\n<\/article>\n<article class=\"qodef-e qodef-blog-item qodef-grid-item qodef-item--full post-14854 post type-post status-publish format-standard has-post-thumbnail hentry category-advocacy\">\n\t<div class=\"qodef-e-inner\">\n\t\t<div class=\"qodef-e-media\">\n\t\t<div class=\"qodef-e-media-image\">\n\t\t<a itemprop=\"url\" href=\"https:\/\/thevanguardlawyers.com\/en\/5-reasons-to-grant-power-of-attorney-to-a-lawyer\/\">\n\t\t\t<img decoding=\"async\" width=\"2560\" height=\"1750\" src=\"https:\/\/thevanguardlawyers.com\/wp-content\/uploads\/2023\/02\/Powerof-scaled.webp\" class=\"attachment-full size-full wp-post-image\" alt=\"\" srcset=\"https:\/\/thevanguardlawyers.com\/wp-content\/uploads\/2023\/02\/Powerof-scaled.webp 2560w, https:\/\/thevanguardlawyers.com\/wp-content\/uploads\/2023\/02\/Powerof-300x205.webp 300w, https:\/\/thevanguardlawyers.com\/wp-content\/uploads\/2023\/02\/Powerof-1024x700.webp 1024w, https:\/\/thevanguardlawyers.com\/wp-content\/uploads\/2023\/02\/Powerof-768x525.webp 768w, https:\/\/thevanguardlawyers.com\/wp-content\/uploads\/2023\/02\/Powerof-1536x1050.webp 1536w, https:\/\/thevanguardlawyers.com\/wp-content\/uploads\/2023\/02\/Powerof-2048x1400.webp 2048w\" sizes=\"(max-width: 2560px) 100vw, 2560px\" \/>\t\t<\/a>\n\t<\/div>\n<\/div>\n\t<a itemprop=\"dateCreated\" href=\"https:\/\/thevanguardlawyers.com\/en\/2023\/02\/\" class=\"entry-date qodef-list-date \">\n\t\t<div class=\"qodef-day\">\n\t\t\t06\t\t<\/div>\n\t\t<div class=\"qodef-month\">\n\t\t\tFeb\t\t<\/div>\n\t<\/a>\n\t\t<div class=\"qodef-e-content\">\n\t\t\t<div class=\"qodef-e-top-holder\">\n\t\t\t\t<div class=\"qodef-e-info\">\n\t\t\t\t\t<a href=\"https:\/\/thevanguardlawyers.com\/en\/category\/advocacy\/\" rel=\"tag\">Advocacy<\/a><div class=\"qodef-info-separator-end\"><\/div>\t\t\t\t<\/div>\n\t\t\t<\/div>\n\t\t\t<div class=\"qodef-e-text\">\n\t\t\t\t<h5 itemprop=\"name\" class=\"qodef-e-title entry-title\" >\n\t<a itemprop=\"url\" class=\"qodef-e-title-link\" href=\"https:\/\/thevanguardlawyers.com\/en\/5-reasons-to-grant-power-of-attorney-to-a-lawyer\/\">\n\t\t5 Reasons to give power of attorney to a lawyer\t<\/a>\n<\/h5>\n\t\t\t<\/div>\n\t\t\t\t\t\t<div class=\"qodef-e-bottom-holder\">\n                \t<div class=\"qodef-e-read-more\">\n\t\t<a class=\"qodef-shortcode qodef-m  qodef-button qodef-layout--filled   qodef-html--link\" href=\"https:\/\/thevanguardlawyers.com\/en\/5-reasons-to-grant-power-of-attorney-to-a-lawyer\/\" target=\"_self\"  >    <span class=\"qodef-m-text\">Read More<\/span>    <span class=\"qodef-m-arrow\"><svg class=\"qodef-svg--button-arrow\" xmlns=\"http:\/\/www.w3.org\/2000\/svg\" width=\"10\" height=\"10\" viewBox=\"0 0 9.8 9.8\"><g><path d=\"m.4 9.4 9-9\"\/><path d=\"M.4.5h8.9\"\/><path d=\"M9.3 9.4V.5\"\/><\/g><g><path d=\"m.4 9.4 9-9\"\/><path d=\"M.4.5h8.9\"\/><path d=\"M9.3 9.4V.5\"\/><\/g><\/svg><\/span><\/a>\t<\/div>\n\t\t\t<\/div>\n\t\t\t\t\t<\/div>\n\t<\/div>\n<\/article>\n\t<\/div>\n\t<\/div>\n\t\t\t\t<\/div>\n\t\t\t\t<\/div>\n\t\t\t\t\t<\/div>\n\t\t<\/div>\n\t\t\t\t\t<\/div>\n\t\t<\/section>\n\t\t\t\t<\/div>\n\t\t","protected":false},"excerpt":{"rendered":"<p>Show All Economia Investiga\u00e7\u00e3o Investimento Neg\u00f3cio 06 Fev EconomiaInvestiga\u00e7\u00e3o Proporcionando um melhor servi\u00e7o aos clientes Read More 06 Fev Investiga\u00e7\u00e3oInvestimento \u00daltimas not\u00edcias do mundo da economia Read More 06 Fev EconomiaInvestimento Esquema de neg\u00f3cios e planos Read More Fevereiro 6, 2023 EconomiaInvestiga\u00e7\u00e3o Sed ut Perspiciatis unde Omnis Pers piciatis unde By nvjeronimo 06 Fev Investiga\u00e7\u00e3oInvestimento [&hellip;]<\/p>\n","protected":false},"author":1,"featured_media":0,"parent":0,"menu_order":0,"comment_status":"closed","ping_status":"closed","template":"","meta":{"footnotes":""},"class_list":["post-14964","page","type-page","status-publish","hentry"],"yoast_head":"<!-- This site is optimized with the Yoast SEO plugin v26.3 - https:\/\/yoast.com\/wordpress\/plugins\/seo\/ -->\n<title>News - Vanguard Lawyers<\/title>\n<meta name=\"robots\" content=\"index, follow, max-snippet:-1, max-image-preview:large, max-video-preview:-1\" \/>\n<link rel=\"canonical\" href=\"https:\/\/thevanguardlawyers.com\/en\/news\/\" \/>\n<meta property=\"og:locale\" content=\"en_US\" \/>\n<meta property=\"og:type\" content=\"article\" \/>\n<meta property=\"og:title\" content=\"News - Vanguard Lawyers\" \/>\n<meta property=\"og:description\" content=\"Show All Economia Investiga\u00e7\u00e3o Investimento Neg\u00f3cio 06 Fev EconomiaInvestiga\u00e7\u00e3o Proporcionando um melhor servi\u00e7o aos clientes Read More 06 Fev Investiga\u00e7\u00e3oInvestimento \u00daltimas not\u00edcias do mundo da economia Read More 06 Fev EconomiaInvestimento Esquema de neg\u00f3cios e planos Read More Fevereiro 6, 2023 EconomiaInvestiga\u00e7\u00e3o Sed ut Perspiciatis unde Omnis Pers piciatis unde By nvjeronimo 06 Fev Investiga\u00e7\u00e3oInvestimento [&hellip;]\" \/>\n<meta property=\"og:url\" content=\"https:\/\/thevanguardlawyers.com\/en\/news\/\" \/>\n<meta property=\"og:site_name\" content=\"Vanguard Lawyers\" \/>\n<meta property=\"article:publisher\" content=\"https:\/\/www.facebook.com\/people\/Vanguard-Lawyers\/61573488790402\/\" \/>\n<meta property=\"article:modified_time\" content=\"2025-04-05T15:49:07+00:00\" \/>\n<meta property=\"og:image\" content=\"https:\/\/thevanguardlawyers.com\/wp-content\/uploads\/2023\/02\/blog-list-img-4.jpg\" \/>\n<meta name=\"twitter:card\" content=\"summary_large_image\" \/>\n<meta name=\"twitter:label1\" content=\"Est. reading time\" \/>\n\t<meta name=\"twitter:data1\" content=\"2 minutes\" \/>\n<script type=\"application\/ld+json\" class=\"yoast-schema-graph\">{\"@context\":\"https:\/\/schema.org\",\"@graph\":[{\"@type\":\"WebPage\",\"@id\":\"https:\/\/thevanguardlawyers.com\/en\/news\/\",\"url\":\"https:\/\/thevanguardlawyers.com\/en\/news\/\",\"name\":\"News - Vanguard Lawyers\",\"isPartOf\":{\"@id\":\"https:\/\/thevanguardlawyers.com\/en\/#website\"},\"primaryImageOfPage\":{\"@id\":\"https:\/\/thevanguardlawyers.com\/en\/news\/#primaryimage\"},\"image\":{\"@id\":\"https:\/\/thevanguardlawyers.com\/en\/news\/#primaryimage\"},\"thumbnailUrl\":\"https:\/\/thevanguardlawyers.com\/wp-content\/uploads\/2023\/02\/blog-list-img-4.jpg\",\"datePublished\":\"2023-02-06T22:59:05+00:00\",\"dateModified\":\"2025-04-05T15:49:07+00:00\",\"breadcrumb\":{\"@id\":\"https:\/\/thevanguardlawyers.com\/en\/news\/#breadcrumb\"},\"inLanguage\":\"en-US\",\"potentialAction\":[{\"@type\":\"ReadAction\",\"target\":[\"https:\/\/thevanguardlawyers.com\/en\/news\/\"]}]},{\"@type\":\"ImageObject\",\"inLanguage\":\"en-US\",\"@id\":\"https:\/\/thevanguardlawyers.com\/en\/news\/#primaryimage\",\"url\":\"https:\/\/thevanguardlawyers.com\/wp-content\/uploads\/2023\/02\/blog-list-img-4.jpg\",\"contentUrl\":\"https:\/\/thevanguardlawyers.com\/wp-content\/uploads\/2023\/02\/blog-list-img-4.jpg\"},{\"@type\":\"BreadcrumbList\",\"@id\":\"https:\/\/thevanguardlawyers.com\/en\/news\/#breadcrumb\",\"itemListElement\":[{\"@type\":\"ListItem\",\"position\":1,\"name\":\"In\u00edcio\",\"item\":\"https:\/\/thevanguardlawyers.com\/en\/\"},{\"@type\":\"ListItem\",\"position\":2,\"name\":\"News\"}]},{\"@type\":\"WebSite\",\"@id\":\"https:\/\/thevanguardlawyers.com\/en\/#website\",\"url\":\"https:\/\/thevanguardlawyers.com\/en\/\",\"name\":\"Vanguard Lawyers\",\"description\":\"Lawyers Agency\",\"publisher\":{\"@id\":\"https:\/\/thevanguardlawyers.com\/en\/#organization\"},\"potentialAction\":[{\"@type\":\"SearchAction\",\"target\":{\"@type\":\"EntryPoint\",\"urlTemplate\":\"https:\/\/thevanguardlawyers.com\/en\/?s={search_term_string}\"},\"query-input\":{\"@type\":\"PropertyValueSpecification\",\"valueRequired\":true,\"valueName\":\"search_term_string\"}}],\"inLanguage\":\"en-US\"},{\"@type\":\"Organization\",\"@id\":\"https:\/\/thevanguardlawyers.com\/en\/#organization\",\"name\":\"Vanguard Lawyers\",\"url\":\"https:\/\/thevanguardlawyers.com\/en\/\",\"logo\":{\"@type\":\"ImageObject\",\"inLanguage\":\"en-US\",\"@id\":\"https:\/\/thevanguardlawyers.com\/en\/#\/schema\/logo\/image\/\",\"url\":\"https:\/\/thevanguardlawyers.com\/wp-content\/uploads\/2025\/01\/LOGO-VL-GOLD-04.svg\",\"contentUrl\":\"https:\/\/thevanguardlawyers.com\/wp-content\/uploads\/2025\/01\/LOGO-VL-GOLD-04.svg\",\"width\":355,\"height\":234,\"caption\":\"Vanguard Lawyers\"},\"image\":{\"@id\":\"https:\/\/thevanguardlawyers.com\/en\/#\/schema\/logo\/image\/\"},\"sameAs\":[\"https:\/\/www.facebook.com\/people\/Vanguard-Lawyers\/61573488790402\/\",\"https:\/\/www.instagram.com\/vanguardlawyers\/\"]}]}<\/script>\n<!-- \/ Yoast SEO plugin. -->","yoast_head_json":{"title":"News - Vanguard Lawyers","robots":{"index":"index","follow":"follow","max-snippet":"max-snippet:-1","max-image-preview":"max-image-preview:large","max-video-preview":"max-video-preview:-1"},"canonical":"https:\/\/thevanguardlawyers.com\/en\/news\/","og_locale":"en_US","og_type":"article","og_title":"News - Vanguard Lawyers","og_description":"Show All Economia Investiga\u00e7\u00e3o Investimento Neg\u00f3cio 06 Fev EconomiaInvestiga\u00e7\u00e3o Proporcionando um melhor servi\u00e7o aos clientes Read More 06 Fev Investiga\u00e7\u00e3oInvestimento \u00daltimas not\u00edcias do mundo da economia Read More 06 Fev EconomiaInvestimento Esquema de neg\u00f3cios e planos Read More Fevereiro 6, 2023 EconomiaInvestiga\u00e7\u00e3o Sed ut Perspiciatis unde Omnis Pers piciatis unde By nvjeronimo 06 Fev Investiga\u00e7\u00e3oInvestimento [&hellip;]","og_url":"https:\/\/thevanguardlawyers.com\/en\/news\/","og_site_name":"Vanguard Lawyers","article_publisher":"https:\/\/www.facebook.com\/people\/Vanguard-Lawyers\/61573488790402\/","article_modified_time":"2025-04-05T15:49:07+00:00","og_image":[{"url":"https:\/\/thevanguardlawyers.com\/wp-content\/uploads\/2023\/02\/blog-list-img-4.jpg","type":"","width":"","height":""}],"twitter_card":"summary_large_image","twitter_misc":{"Est. reading time":"2 minutes"},"schema":{"@context":"https:\/\/schema.org","@graph":[{"@type":"WebPage","@id":"https:\/\/thevanguardlawyers.com\/en\/news\/","url":"https:\/\/thevanguardlawyers.com\/en\/news\/","name":"News - Vanguard Lawyers","isPartOf":{"@id":"https:\/\/thevanguardlawyers.com\/en\/#website"},"primaryImageOfPage":{"@id":"https:\/\/thevanguardlawyers.com\/en\/news\/#primaryimage"},"image":{"@id":"https:\/\/thevanguardlawyers.com\/en\/news\/#primaryimage"},"thumbnailUrl":"https:\/\/thevanguardlawyers.com\/wp-content\/uploads\/2023\/02\/blog-list-img-4.jpg","datePublished":"2023-02-06T22:59:05+00:00","dateModified":"2025-04-05T15:49:07+00:00","breadcrumb":{"@id":"https:\/\/thevanguardlawyers.com\/en\/news\/#breadcrumb"},"inLanguage":"en-US","potentialAction":[{"@type":"ReadAction","target":["https:\/\/thevanguardlawyers.com\/en\/news\/"]}]},{"@type":"ImageObject","inLanguage":"en-US","@id":"https:\/\/thevanguardlawyers.com\/en\/news\/#primaryimage","url":"https:\/\/thevanguardlawyers.com\/wp-content\/uploads\/2023\/02\/blog-list-img-4.jpg","contentUrl":"https:\/\/thevanguardlawyers.com\/wp-content\/uploads\/2023\/02\/blog-list-img-4.jpg"},{"@type":"BreadcrumbList","@id":"https:\/\/thevanguardlawyers.com\/en\/news\/#breadcrumb","itemListElement":[{"@type":"ListItem","position":1,"name":"In\u00edcio","item":"https:\/\/thevanguardlawyers.com\/en\/"},{"@type":"ListItem","position":2,"name":"News"}]},{"@type":"WebSite","@id":"https:\/\/thevanguardlawyers.com\/en\/#website","url":"https:\/\/thevanguardlawyers.com\/en\/","name":"Vanguard Lawyers","description":"Lawyers Agency","publisher":{"@id":"https:\/\/thevanguardlawyers.com\/en\/#organization"},"potentialAction":[{"@type":"SearchAction","target":{"@type":"EntryPoint","urlTemplate":"https:\/\/thevanguardlawyers.com\/en\/?s={search_term_string}"},"query-input":{"@type":"PropertyValueSpecification","valueRequired":true,"valueName":"search_term_string"}}],"inLanguage":"en-US"},{"@type":"Organization","@id":"https:\/\/thevanguardlawyers.com\/en\/#organization","name":"Vanguard Lawyers","url":"https:\/\/thevanguardlawyers.com\/en\/","logo":{"@type":"ImageObject","inLanguage":"en-US","@id":"https:\/\/thevanguardlawyers.com\/en\/#\/schema\/logo\/image\/","url":"https:\/\/thevanguardlawyers.com\/wp-content\/uploads\/2025\/01\/LOGO-VL-GOLD-04.svg","contentUrl":"https:\/\/thevanguardlawyers.com\/wp-content\/uploads\/2025\/01\/LOGO-VL-GOLD-04.svg","width":355,"height":234,"caption":"Vanguard Lawyers"},"image":{"@id":"https:\/\/thevanguardlawyers.com\/en\/#\/schema\/logo\/image\/"},"sameAs":["https:\/\/www.facebook.com\/people\/Vanguard-Lawyers\/61573488790402\/","https:\/\/www.instagram.com\/vanguardlawyers\/"]}]}},"_links":{"self":[{"href":"https:\/\/thevanguardlawyers.com\/en\/wp-json\/wp\/v2\/pages\/14964","targetHints":{"allow":["GET"]}}],"collection":[{"href":"https:\/\/thevanguardlawyers.com\/en\/wp-json\/wp\/v2\/pages"}],"about":[{"href":"https:\/\/thevanguardlawyers.com\/en\/wp-json\/wp\/v2\/types\/page"}],"author":[{"embeddable":true,"href":"https:\/\/thevanguardlawyers.com\/en\/wp-json\/wp\/v2\/users\/1"}],"replies":[{"embeddable":true,"href":"https:\/\/thevanguardlawyers.com\/en\/wp-json\/wp\/v2\/comments?post=14964"}],"version-history":[{"count":2,"href":"https:\/\/thevanguardlawyers.com\/en\/wp-json\/wp\/v2\/pages\/14964\/revisions"}],"predecessor-version":[{"id":15016,"href":"https:\/\/thevanguardlawyers.com\/en\/wp-json\/wp\/v2\/pages\/14964\/revisions\/15016"}],"wp:attachment":[{"href":"https:\/\/thevanguardlawyers.com\/en\/wp-json\/wp\/v2\/media?parent=14964"}],"curies":[{"name":"wp","href":"https:\/\/api.w.org\/{rel}","templated":true}]}}